{"id":143,"date":"2018-09-28T20:44:30","date_gmt":"2018-09-28T18:44:30","guid":{"rendered":"https:\/\/www.sanni.it\/?page_id=143"},"modified":"2019-07-17T15:40:36","modified_gmt":"2019-07-17T13:40:36","slug":"privacy","status":"publish","type":"page","link":"https:\/\/www.sanni.it\/it\/privacy\/","title":{"rendered":"Privacy"},"content":{"rendered":"<h1><span lang=\"EN-US\">Informativa sulla privacy<\/span><\/h1>\n<p><span lang=\"EN-US\">Con la presente vi informiamo esaustivamente in merito alle disposizioni vigenti sulla tutela dei dati personali.<\/span><\/p>\n<p><b><span lang=\"EN-US\">Responsabile per il contenuto e proprietario del sito:<\/span><\/b><\/p>\n<p><b><span lang=\"EN-US\">SANNI SNC<\/span><\/b><span lang=\"EN-US\"><br \/>\nAlexandra Ausserhofer<br \/>\nZona Industriale Molini, 6<br \/>\n<\/span><span lang=\"EN-US\">I-39032 Campo Tures (BZ)<br \/>\nT. 0474 658 000, E-Mail: info@sanni.it<span>\u00a0<\/span><br \/>\nPart. IVA IT02709490219<\/span><\/p>\n<p><span lang=\"EN-US\">\u00a0<\/span><\/p>\n<p><span lang=\"EN-US\">Informativa ai sensi del REGOLAMENTO (UE) 2016\/679<span>\u00a0<\/span><\/span><span lang=\"EN-US\">DEL PARLAMENTO EUROPEO E DEL CONSIGLIO (GDPR), in materia di tutela delle persone e di altri soggetti, informiamo che la ditta SANNI SNC con sede in 39032 Campo Tures, Zona IndustrialeMolini 6, tratta dati personali di clienti, Partner e fornitori e di soggetti che ci comunicano volontariamente (telefonicamente o via e-mail) i loro dati anagrafici. Questa informativa sulla privacy ha lo scopo di informare l&#8217;utente in merito alle nostre pratiche relative a raccolta, utilizzo e divulgazione di informazioni che l&#8217;utente potrebbe fornire.<\/span><\/p>\n<p><span lang=\"EN-US\">Nella presente informativa spieghiamo come raccogliamo, trattiamo, comunichiamo e proteggiamo i suoi dati personali quando utilizza i nostri Servizi ed il nostro sito web.<\/span><\/p>\n<p>&nbsp;<\/p>\n<p><b><span lang=\"EN-US\">Tipologia dei dati trattati e finalit\u00e0 del trattamento:<\/span><\/b><\/p>\n<p><b><span lang=\"EN-US\"><br \/>\nDati di navigazione<\/span><\/b><span lang=\"EN-US\"><br \/>\nI sistemi informatici e le procedure software preposte al funzionamento di questo sito acquisiscono, nel normale esercizio, alcuni dati personali che vengono poi trasmessi implicitamente nell\u2019uso dei protocolli di comunicazione Internet. Si tratta di informazioni che non sono raccolte per essere associate a interessati identificati, ma che per loro stessa natura potrebbero, attraverso elaborazioni ed associazioni con dati detenuti da terzi, permettere di identificare gli utenti. In questa categoria di dati rientrano gli indirizzi IP o i nomi a dominio dei computer utilizzati dagli utenti che si connettono al sito, gli indirizzi in notazione URI (Uniform Resource Identifier) delle risorse richieste, l\u2019orario della richiesta, il metodo utilizzato nel sottoporre la richiesta al server, la dimensione del file ottenuto in risposta, il codice numerico indicante lo stato della risposta data dal server (buon fine, errore, ecc.) ed altri parametri relativi al sistema operativo e all\u2019ambiente informatico dell\u2019utente. Questi dati vengono utilizzati al solo fine di ricavare informazioni statistiche anonime sull\u2019uso del sito e per controllarne il corretto funzionamento e vengono cancellati immediatamente dopo l\u2019elaborazione. I dati potrebbero essere utilizzati per l\u2019accertamento di responsabilit\u00e0 in caso di ipotetici reati informatici ai danni del sito: salva questa eventualit\u00e0, i dati sui contatti web non persistono per pi\u00f9 di 24 mesi.<\/span><\/p>\n<p><span lang=\"EN-US\">\u00a0<\/span><\/p>\n<p><b><span lang=\"EN-US\">Dati forniti volontariamente dagli utenti\/visitatori<\/span><\/b><span lang=\"EN-US\"><br \/>\nQualora gli utenti\/visitatori, collegandosi a questo sito, inviino propri dati personali per accedere a determinati servizi (newsletter), ovvero per effettuare richieste in posta elettronica, ci\u00f2 comporta l\u2019acquisizione da parte di SANNI SNC dell\u2019indirizzo del mittente e\/o di altri eventuali dati personali che verranno trattati esclusivamente ai fini indicati nella presente dichiarazione.<br \/>\nI Suoi dati saranno trattati per finalit\u00e0 connesse all\u2019adempimento delle Sue specifiche richieste, di obblighi contrattuali, fiscali e contabili; storico fatturazione; contenzioso e tutela del credito; adempimento di obblighi previsti dalle leggi vigenti.<\/span><\/p>\n<p><b><span lang=\"EN-US\">\u00a0<\/span><\/b><\/p>\n<p><b><span lang=\"EN-US\">Cookie<\/span><\/b><span lang=\"EN-US\"><br \/>\nNell\u2019ambito del presente sito vengono raccolte alcune informazioni di carattere personale relative agli accessi web tramite l\u2019utilizzo di cookies.<\/span><\/p>\n<p><span lang=\"EN-US\">A parte quanto specificato per i dati di navigazione, gli utenti\/visitatori sono liberi di fornire i propri dati personali. Il loro mancato conferimento pu\u00f2 comportare unicamente l\u2019impossibilit\u00e0 di ottenere quanto richiesto. Pertanto, i visitatori sono in grado di navigare nel sito anche senza rivelare informazioni e dati personali.<br \/>\nUna volta registrati, i dati personali raccolti saranno utilizzati solamente per i servizi indicati nell\u2019informativa disponibile.<\/span><\/p>\n<p>I visitatori del sito possono fornire i loro dati per:<\/p>\n<ul type=\"disc\">\n<li>iscriversi alla newsletter<\/li>\n<li>essere contattati per richieste di informazioni sui servizi erogati<\/li>\n<\/ul>\n<p><span><br \/>\nPer poter usufruire dei servizi l\u2019utente pu\u00f2 essere tenuto a fornire alcuni o tutti dei seguenti dati nome, cognome, via, cap, indirizzo e-mail, indirizzo, citt\u00e0, paese, recapito telefonico, numero di cellulare, partita IVA, codice fiscale, informazioni inerenti il pagamento.<\/span><\/p>\n<p><b>Sezione Newsletter<\/b><br \/>\nIl sito web di SANNI SNC nella sezione NEWSLETTER contiene un\u00a0<i>form<\/i>\u00a0da compilarsi da parte dell\u2019utente al fine dell\u2019iscrizione alla newsletter, ovvero di acconsentire all\u2019invio di comunicazioni elettroniche periodiche.<br \/>\n<span lang=\"EN-US\">L\u2019iscrizione alla newsletter \u00e8 inoltre subordinata all\u2019accettazione della Privacy Policy.<\/span><\/p>\n<p><span lang=\"EN-US\"><br \/>\n<b>Sezione Trattamento dei dati<\/b><br \/>\nAi sensi dell\u2019art. 13<span>\u00a0<\/span><\/span><span lang=\"EN-US\">REGOLAMENTO (UE) 2016\/679, titolare del trattamento dei dati personali eventualmente raccolti attraverso questo sito \u00e8 la ditta SANNI SNC.<\/span><\/p>\n<p><span lang=\"EN-US\"><br \/>\nI dati personali potranno essere trattati nei limiti e con le modalit\u00e0 di cui alla presente dichiarazione da dipendenti e collaboratori di SANNI SNC designati quali incaricati o responsabili del trattamento, i quali riceveranno adeguate istruzioni operative ed opereranno sotto la diretta autorit\u00e0 del titolare del trattamento.<\/span><\/p>\n<p>Il responsabile del trattamento \u00e8 il responsabile della sicurezza informatica pro tempore domiciliato presso l\u2019agenzia SANNI SNC.<span>\u00a0<\/span><\/p>\n<p><b>Comunicazione a terzi<\/b><br \/>\nI dati personali saranno oggetto di comunicazione all\u2019agenzia SANNI SNC per poter rispondere alle richieste informative, ovvero potranno essere comunicati agli Enti ed Istituti per l\u2019espletamento degli obblighi di legge o all\u2019autorit\u00e0 giudiziale, ove vi fosse richiesta.<\/p>\n<p>Inoltre, l\u2019agenzia SANNI SNC si serve di altre imprese e persone fisiche affinch\u00e9 svolgano certe attivit\u00e0 come per l\u2019invio di e-mail, la consegna di pacchi, l\u2019effettuazione di pagamenti. I predetti soggetti hanno accesso solo ai dati personali strettamente necessari per svolgere i propri compiti. L\u2019agenzia sottolinea il divieto di utilizzo da parte di degli stessi per scopi diversi nonch\u00e9 l\u2019obbligo di trattamento in conformit\u00e0 alla presente Privacy Policy e la normativa vigente.<\/p>\n<p>Attraverso il presente sito web, l\u2019agenzia SANNI SNC non raccoglie deliberatamente dati personali sensibili o giudiziari.<\/p>\n<p><b>Conservazione dei dati<\/b><br \/>\nLe informazioni e i dati personali dei visitatori\/utenti raccolti da questo sito, ivi inclusi i dati liberamente forniti al fine di ottenere l\u2019invio di materiale informativo o di altre comunicazioni, saranno conservati al solo fine di fornire il servizio richiesto e per la durata necessaria al medesimo fine. Una volta completato il servizio, tutti i dati personali saranno distrutti in aderenza alla presente Privacy-Policy, salvo diversa richiesta dell\u2019autorit\u00e0, esigenze di conservazione stabilite dalla legge, oppure salvo diverse indicazioni fornite in sezioni particolari del sito web.<\/p>\n<p><b>Esercizio dei diritti dell&#8217;interessato<\/b><br \/>\nAi sensi<span>\u00a0<\/span><span lang=\"EN-US\">del REGOLAMENTO (UE) 2016\/679, gli interessati hanno il diritto in qualunque momento di ottenere la conferma dell\u2019esistenza o meno dei medesimi dati e di conoscerne il contenuto e l\u2019origine, verificarne l\u2019esattezza o chiederne l\u2019integrazione l\u2019aggiornamento, oppure la rettificazione. Ai sensi del medesimo articolo hanno il diritto di chiedere la cancellazione, la trasformazione in forma anonima o il blocco dei dati trattati in violazione di legge, nonch\u00e9 di opporsi in ogni caso, per motivi legittimi, al loro trattamento. Le richieste vanno inoltrate scrivendo o contattando il titolare del trattamento al seguente indirizzo:<span>\u00a0<\/span><a href=\"mailto:info@sanni.it\">info@sanni.it<\/a><span>\u00a0<\/span>\u00a0<\/span><\/p>\n","protected":false},"excerpt":{"rendered":"Informativa sulla privacy Con la presente vi informiamo esaustivamente in merito alle disposizioni vigenti sulla tutela dei dati personali. Responsabile per il contenuto e proprietario del sito: SANNI SNC Alexandra Ausserhofer Zona Industriale Molini, 6 I-39032 Campo Tures (BZ) T. 0474 658 000, E-Mail: info@sanni.it\u00a0 Part. IVA IT02709490219 \u00a0 Informativa ai sensi del REGOLAMENTO (UE)&#8230;","protected":false},"author":1,"featured_media":0,"parent":0,"menu_order":0,"comment_status":"closed","ping_status":"closed","template":"","meta":{"footnotes":""},"class_list":["post-143","page","type-page","status-publish","hentry"],"yoast_head":"<!-- This site is optimized with the Yoast SEO plugin v24.2 - https:\/\/yoast.com\/wordpress\/plugins\/seo\/ -->\n<title>Privacy - Sanni<\/title>\n<meta name=\"robots\" content=\"index, follow, max-snippet:-1, max-image-preview:large, max-video-preview:-1\" \/>\n<link rel=\"canonical\" href=\"https:\/\/www.sanni.it\/it\/privacy\/\" \/>\n<meta property=\"og:locale\" content=\"it_IT\" \/>\n<meta property=\"og:type\" content=\"article\" \/>\n<meta property=\"og:title\" content=\"Privacy - Sanni\" \/>\n<meta property=\"og:description\" content=\"Informativa sulla privacy Con la presente vi informiamo esaustivamente in merito alle disposizioni vigenti sulla tutela dei dati personali. Responsabile per il contenuto e proprietario del sito: SANNI SNC Alexandra Ausserhofer Zona Industriale Molini, 6 I-39032 Campo Tures (BZ) T. 0474 658 000, E-Mail: info@sanni.it\u00a0 Part. IVA IT02709490219 \u00a0 Informativa ai sensi del REGOLAMENTO (UE)...\" \/>\n<meta property=\"og:url\" content=\"https:\/\/www.sanni.it\/it\/privacy\/\" \/>\n<meta property=\"og:site_name\" content=\"Sanni\" \/>\n<meta property=\"article:modified_time\" content=\"2019-07-17T13:40:36+00:00\" \/>\n<meta name=\"twitter:card\" content=\"summary_large_image\" \/>\n<meta name=\"twitter:label1\" content=\"Tempo di lettura stimato\" \/>\n\t<meta name=\"twitter:data1\" content=\"5 minuti\" \/>\n<script type=\"application\/ld+json\" class=\"yoast-schema-graph\">{\"@context\":\"https:\/\/schema.org\",\"@graph\":[{\"@type\":\"WebPage\",\"@id\":\"https:\/\/www.sanni.it\/it\/privacy\/\",\"url\":\"https:\/\/www.sanni.it\/it\/privacy\/\",\"name\":\"Privacy - Sanni\",\"isPartOf\":{\"@id\":\"https:\/\/www.sanni.it\/#website\"},\"datePublished\":\"2018-09-28T18:44:30+00:00\",\"dateModified\":\"2019-07-17T13:40:36+00:00\",\"breadcrumb\":{\"@id\":\"https:\/\/www.sanni.it\/it\/privacy\/#breadcrumb\"},\"inLanguage\":\"it-IT\",\"potentialAction\":[{\"@type\":\"ReadAction\",\"target\":[\"https:\/\/www.sanni.it\/it\/privacy\/\"]}]},{\"@type\":\"BreadcrumbList\",\"@id\":\"https:\/\/www.sanni.it\/it\/privacy\/#breadcrumb\",\"itemListElement\":[{\"@type\":\"ListItem\",\"position\":1,\"name\":\"Startseite\",\"item\":\"https:\/\/www.sanni.it\/it\/\"},{\"@type\":\"ListItem\",\"position\":2,\"name\":\"Privacy\"}]},{\"@type\":\"WebSite\",\"@id\":\"https:\/\/www.sanni.it\/#website\",\"url\":\"https:\/\/www.sanni.it\/\",\"name\":\"Sanni\",\"description\":\"Kommunikation &amp; Design S\u00fcdtirol\",\"potentialAction\":[{\"@type\":\"SearchAction\",\"target\":{\"@type\":\"EntryPoint\",\"urlTemplate\":\"https:\/\/www.sanni.it\/?s={search_term_string}\"},\"query-input\":{\"@type\":\"PropertyValueSpecification\",\"valueRequired\":true,\"valueName\":\"search_term_string\"}}],\"inLanguage\":\"it-IT\"}]}<\/script>\n<!-- \/ Yoast SEO plugin. -->","yoast_head_json":{"title":"Privacy - Sanni","robots":{"index":"index","follow":"follow","max-snippet":"max-snippet:-1","max-image-preview":"max-image-preview:large","max-video-preview":"max-video-preview:-1"},"canonical":"https:\/\/www.sanni.it\/it\/privacy\/","og_locale":"it_IT","og_type":"article","og_title":"Privacy - Sanni","og_description":"Informativa sulla privacy Con la presente vi informiamo esaustivamente in merito alle disposizioni vigenti sulla tutela dei dati personali. Responsabile per il contenuto e proprietario del sito: SANNI SNC Alexandra Ausserhofer Zona Industriale Molini, 6 I-39032 Campo Tures (BZ) T. 0474 658 000, E-Mail: info@sanni.it\u00a0 Part. IVA IT02709490219 \u00a0 Informativa ai sensi del REGOLAMENTO (UE)...","og_url":"https:\/\/www.sanni.it\/it\/privacy\/","og_site_name":"Sanni","article_modified_time":"2019-07-17T13:40:36+00:00","twitter_card":"summary_large_image","twitter_misc":{"Tempo di lettura stimato":"5 minuti"},"schema":{"@context":"https:\/\/schema.org","@graph":[{"@type":"WebPage","@id":"https:\/\/www.sanni.it\/it\/privacy\/","url":"https:\/\/www.sanni.it\/it\/privacy\/","name":"Privacy - Sanni","isPartOf":{"@id":"https:\/\/www.sanni.it\/#website"},"datePublished":"2018-09-28T18:44:30+00:00","dateModified":"2019-07-17T13:40:36+00:00","breadcrumb":{"@id":"https:\/\/www.sanni.it\/it\/privacy\/#breadcrumb"},"inLanguage":"it-IT","potentialAction":[{"@type":"ReadAction","target":["https:\/\/www.sanni.it\/it\/privacy\/"]}]},{"@type":"BreadcrumbList","@id":"https:\/\/www.sanni.it\/it\/privacy\/#breadcrumb","itemListElement":[{"@type":"ListItem","position":1,"name":"Startseite","item":"https:\/\/www.sanni.it\/it\/"},{"@type":"ListItem","position":2,"name":"Privacy"}]},{"@type":"WebSite","@id":"https:\/\/www.sanni.it\/#website","url":"https:\/\/www.sanni.it\/","name":"Sanni","description":"Kommunikation &amp; Design S\u00fcdtirol","potentialAction":[{"@type":"SearchAction","target":{"@type":"EntryPoint","urlTemplate":"https:\/\/www.sanni.it\/?s={search_term_string}"},"query-input":{"@type":"PropertyValueSpecification","valueRequired":true,"valueName":"search_term_string"}}],"inLanguage":"it-IT"}]}},"_links":{"self":[{"href":"https:\/\/www.sanni.it\/it\/wp-json\/wp\/v2\/pages\/143","targetHints":{"allow":["GET"]}}],"collection":[{"href":"https:\/\/www.sanni.it\/it\/wp-json\/wp\/v2\/pages"}],"about":[{"href":"https:\/\/www.sanni.it\/it\/wp-json\/wp\/v2\/types\/page"}],"author":[{"embeddable":true,"href":"https:\/\/www.sanni.it\/it\/wp-json\/wp\/v2\/users\/1"}],"replies":[{"embeddable":true,"href":"https:\/\/www.sanni.it\/it\/wp-json\/wp\/v2\/comments?post=143"}],"version-history":[{"count":0,"href":"https:\/\/www.sanni.it\/it\/wp-json\/wp\/v2\/pages\/143\/revisions"}],"wp:attachment":[{"href":"https:\/\/www.sanni.it\/it\/wp-json\/wp\/v2\/media?parent=143"}],"curies":[{"name":"wp","href":"https:\/\/api.w.org\/{rel}","templated":true}]}}