{"id":471,"date":"2018-09-28T13:40:07","date_gmt":"2018-09-28T11:40:07","guid":{"rendered":"https:\/\/www.sanni.it\/ueber-uns\/"},"modified":"2021-06-22T20:26:37","modified_gmt":"2021-06-22T18:26:37","slug":"agenzia","status":"publish","type":"page","link":"https:\/\/www.sanni.it\/it\/agenzia\/","title":{"rendered":"Agenzia"},"content":{"rendered":"<p><strong>La creativit\u00e0 \u00e8 pane per i nostri denti<\/strong><\/p>\n<p>Che si tratti di stampa o di digitale, la comunicazione deve fare presa. E lasciare il segno. E ogni volta che le nostre dita si muovono rapide sulla tastiera diamo libero sfogo alla nostra creativit\u00e0. \u00c8 in questi momenti che capiamo fino in fondo perch\u00e9 amiamo tanto il nostro lavoro: progetti riusciti, design azzeccato, testi accattivanti e una particolare attenzione alla percezione aptica.<\/p>\n<p>&nbsp;<\/p>\n<p>SANNI design &amp; kommunikation<br \/>\nAgenzia creativa di grafica, design e comunicazione con sede a Campo Tures<\/p>\n","protected":false},"excerpt":{"rendered":"La creativit\u00e0 \u00e8 pane per i nostri denti Che si tratti di stampa o di digitale, la comunicazione deve fare presa. E lasciare il segno. E ogni volta che le nostre dita si muovono rapide sulla tastiera diamo libero sfogo alla nostra creativit\u00e0. \u00c8 in questi momenti che capiamo fino in fondo perch\u00e9 amiamo tanto&#8230;","protected":false},"author":1,"featured_media":0,"parent":0,"menu_order":0,"comment_status":"closed","ping_status":"closed","template":"","meta":{"footnotes":""},"class_list":["post-471","page","type-page","status-publish","hentry"],"yoast_head":"<!-- This site is optimized with the Yoast SEO plugin v24.2 - https:\/\/yoast.com\/wordpress\/plugins\/seo\/ -->\n<title>Agenzia - Sanni<\/title>\n<meta name=\"description\" content=\"Wir sind eine kleine Werbeagentur in Sand in Taufers und lieben es, Kommunikation zu gestalten: Corporate Design, digitale Medien, Drucksorten, Grafik und Textgestaltung.\" \/>\n<meta name=\"robots\" content=\"index, follow, max-snippet:-1, max-image-preview:large, max-video-preview:-1\" \/>\n<link rel=\"canonical\" href=\"https:\/\/www.sanni.it\/it\/agenzia\/\" \/>\n<meta property=\"og:locale\" content=\"it_IT\" \/>\n<meta property=\"og:type\" content=\"article\" \/>\n<meta property=\"og:title\" content=\"Agenzia - Sanni\" \/>\n<meta property=\"og:description\" content=\"Wir sind eine kleine Werbeagentur in Sand in Taufers und lieben es, Kommunikation zu gestalten: Corporate Design, digitale Medien, Drucksorten, Grafik und Textgestaltung.\" \/>\n<meta property=\"og:url\" content=\"https:\/\/www.sanni.it\/it\/agenzia\/\" \/>\n<meta property=\"og:site_name\" content=\"Sanni\" \/>\n<meta property=\"article:modified_time\" content=\"2021-06-22T18:26:37+00:00\" \/>\n<meta name=\"twitter:card\" content=\"summary_large_image\" \/>\n<script type=\"application\/ld+json\" class=\"yoast-schema-graph\">{\"@context\":\"https:\/\/schema.org\",\"@graph\":[{\"@type\":\"WebPage\",\"@id\":\"https:\/\/www.sanni.it\/it\/agenzia\/\",\"url\":\"https:\/\/www.sanni.it\/it\/agenzia\/\",\"name\":\"Agenzia - Sanni\",\"isPartOf\":{\"@id\":\"https:\/\/www.sanni.it\/#website\"},\"datePublished\":\"2018-09-28T11:40:07+00:00\",\"dateModified\":\"2021-06-22T18:26:37+00:00\",\"description\":\"Wir sind eine kleine Werbeagentur in Sand in Taufers und lieben es, Kommunikation zu gestalten: Corporate Design, digitale Medien, Drucksorten, Grafik und Textgestaltung.\",\"breadcrumb\":{\"@id\":\"https:\/\/www.sanni.it\/it\/agenzia\/#breadcrumb\"},\"inLanguage\":\"it-IT\",\"potentialAction\":[{\"@type\":\"ReadAction\",\"target\":[\"https:\/\/www.sanni.it\/it\/agenzia\/\"]}]},{\"@type\":\"BreadcrumbList\",\"@id\":\"https:\/\/www.sanni.it\/it\/agenzia\/#breadcrumb\",\"itemListElement\":[{\"@type\":\"ListItem\",\"position\":1,\"name\":\"Startseite\",\"item\":\"https:\/\/www.sanni.it\/it\/\"},{\"@type\":\"ListItem\",\"position\":2,\"name\":\"Agenzia\"}]},{\"@type\":\"WebSite\",\"@id\":\"https:\/\/www.sanni.it\/#website\",\"url\":\"https:\/\/www.sanni.it\/\",\"name\":\"Sanni\",\"description\":\"Kommunikation &amp; Design S\u00fcdtirol\",\"potentialAction\":[{\"@type\":\"SearchAction\",\"target\":{\"@type\":\"EntryPoint\",\"urlTemplate\":\"https:\/\/www.sanni.it\/?s={search_term_string}\"},\"query-input\":{\"@type\":\"PropertyValueSpecification\",\"valueRequired\":true,\"valueName\":\"search_term_string\"}}],\"inLanguage\":\"it-IT\"}]}<\/script>\n<!-- \/ Yoast SEO plugin. -->","yoast_head_json":{"title":"Agenzia - Sanni","description":"Wir sind eine kleine Werbeagentur in Sand in Taufers und lieben es, Kommunikation zu gestalten: Corporate Design, digitale Medien, Drucksorten, Grafik und Textgestaltung.","robots":{"index":"index","follow":"follow","max-snippet":"max-snippet:-1","max-image-preview":"max-image-preview:large","max-video-preview":"max-video-preview:-1"},"canonical":"https:\/\/www.sanni.it\/it\/agenzia\/","og_locale":"it_IT","og_type":"article","og_title":"Agenzia - Sanni","og_description":"Wir sind eine kleine Werbeagentur in Sand in Taufers und lieben es, Kommunikation zu gestalten: Corporate Design, digitale Medien, Drucksorten, Grafik und Textgestaltung.","og_url":"https:\/\/www.sanni.it\/it\/agenzia\/","og_site_name":"Sanni","article_modified_time":"2021-06-22T18:26:37+00:00","twitter_card":"summary_large_image","schema":{"@context":"https:\/\/schema.org","@graph":[{"@type":"WebPage","@id":"https:\/\/www.sanni.it\/it\/agenzia\/","url":"https:\/\/www.sanni.it\/it\/agenzia\/","name":"Agenzia - Sanni","isPartOf":{"@id":"https:\/\/www.sanni.it\/#website"},"datePublished":"2018-09-28T11:40:07+00:00","dateModified":"2021-06-22T18:26:37+00:00","description":"Wir sind eine kleine Werbeagentur in Sand in Taufers und lieben es, Kommunikation zu gestalten: Corporate Design, digitale Medien, Drucksorten, Grafik und Textgestaltung.","breadcrumb":{"@id":"https:\/\/www.sanni.it\/it\/agenzia\/#breadcrumb"},"inLanguage":"it-IT","potentialAction":[{"@type":"ReadAction","target":["https:\/\/www.sanni.it\/it\/agenzia\/"]}]},{"@type":"BreadcrumbList","@id":"https:\/\/www.sanni.it\/it\/agenzia\/#breadcrumb","itemListElement":[{"@type":"ListItem","position":1,"name":"Startseite","item":"https:\/\/www.sanni.it\/it\/"},{"@type":"ListItem","position":2,"name":"Agenzia"}]},{"@type":"WebSite","@id":"https:\/\/www.sanni.it\/#website","url":"https:\/\/www.sanni.it\/","name":"Sanni","description":"Kommunikation &amp; Design S\u00fcdtirol","potentialAction":[{"@type":"SearchAction","target":{"@type":"EntryPoint","urlTemplate":"https:\/\/www.sanni.it\/?s={search_term_string}"},"query-input":{"@type":"PropertyValueSpecification","valueRequired":true,"valueName":"search_term_string"}}],"inLanguage":"it-IT"}]}},"_links":{"self":[{"href":"https:\/\/www.sanni.it\/it\/wp-json\/wp\/v2\/pages\/471","targetHints":{"allow":["GET"]}}],"collection":[{"href":"https:\/\/www.sanni.it\/it\/wp-json\/wp\/v2\/pages"}],"about":[{"href":"https:\/\/www.sanni.it\/it\/wp-json\/wp\/v2\/types\/page"}],"author":[{"embeddable":true,"href":"https:\/\/www.sanni.it\/it\/wp-json\/wp\/v2\/users\/1"}],"replies":[{"embeddable":true,"href":"https:\/\/www.sanni.it\/it\/wp-json\/wp\/v2\/comments?post=471"}],"version-history":[{"count":0,"href":"https:\/\/www.sanni.it\/it\/wp-json\/wp\/v2\/pages\/471\/revisions"}],"wp:attachment":[{"href":"https:\/\/www.sanni.it\/it\/wp-json\/wp\/v2\/media?parent=471"}],"curies":[{"name":"wp","href":"https:\/\/api.w.org\/{rel}","templated":true}]}}